{"id":241,"date":"2017-02-27T20:20:49","date_gmt":"2017-02-27T20:20:49","guid":{"rendered":"https:\/\/tripixazores.com\/meet-the-team\/"},"modified":"2025-02-13T19:04:25","modified_gmt":"2025-02-13T20:04:25","slug":"meet-the-team","status":"publish","type":"page","link":"https:\/\/tripixazores.com\/pt-pt\/meet-the-team\/","title":{"rendered":"TRIPIX AZORES"},"content":{"rendered":"\n<div class=\"wp-block-columns is-layout-flex wp-container-core-columns-is-layout-1 wp-block-columns-is-layout-flex\" style=\"display: flex; justify-content: center; align-items: center;\">\n    \n    <div class=\"wp-block-column about-us-top-para is-layout-flow wp-block-column-is-layout-flow\" style=\"flex-basis:100%; text-align: justified; display: flex; justify-content: center; flex-direction: column;\">\n        \n        <p>Com 10 anos de atividade, somos especialistas em oferecer as melhores experi\u00eancias no Tri\u00e2ngulo A\u00e7oriano.<\/p>\n        \n\n        \n        <p>Acreditamos ser a escolha perfeita para o guiar pelas maravilhas naturais e culturais das ilhas do Pico, Faial e S\u00e3o Jorge.<\/p>\n        \n\n        \n        <p>Os nossos guias locais, experientes, dedicados e apaixonados pelo que fazem, s\u00e3o a chave para descobrir o melhor que o Tri\u00e2ngulo A\u00e7oriano tem para oferecer. Conhecem cada recanto destas ilhas e est\u00e3o comprometidos em proporcionar-lhe uma experi\u00eancia aut\u00eantica e enriquecedora, onde n\u00e3o s\u00f3 as montanhas, o oceano, as vinhas, as grutas e as lagoas, mas tamb\u00e9m as pessoas, a cultura, as tradi\u00e7\u00f5es e a identidade t\u00eam uma hist\u00f3ria para contar.<\/p>\n        \n\n        \n        <p>A nossa miss\u00e3o \u00e9 clara e reflete o nosso compromisso com a sustentabilidade e a satisfa\u00e7\u00e3o dos clientes. Procuramos encontrar o equil\u00edbrio perfeito entre a explora\u00e7\u00e3o respons\u00e1vel das ilhas e a satisfa\u00e7\u00e3o dos nossos clientes, garantindo que todos os envolvidos, desde os viajantes \u00e0s comunidades locais, possam desfrutar do Tri\u00e2ngulo A\u00e7oriano de forma aut\u00eantica.<\/p>\n        \n\n \n        <p>O nosso nome, TRIPIX, \u00e9 uma mistura de \u201cTRI\u201d pelas Ilhas do Tri\u00e2ngulo (Pico, Faial e S\u00e3o Jorge) e \u201cPIX,\u201d o c\u00f3digo IATA do aeroporto da Ilha do Pico. Uma homenagem ao local onde as nossas aventuras come\u00e7am! Com sede no Pico, operamos nas tr\u00eas Ilhas do Tri\u00e2ngulo, acreditando no seu imenso potencial tur\u00edstico desde a nossa funda\u00e7\u00e3o.<\/p>\n        \n\n        \n        <p>Junte-se \u00e0 Tripix Tribe, descubra o segredo mais bem guardado do Atl\u00e2ntico e prepare-se para uma aventura inesquec\u00edvel. Vamos gui\u00e1-lo pela melhor experi\u00eancia!<\/p>\n        \n    <\/div>\n    \n<\/div>\n\n<h2 class=\"wp-block-heading has-text-align-center our-values-text-title\">OS NOSSOS VALORES<\/h2>\n\n<div class=\"wp-block-columns our-values-wrapper is-layout-flex wp-container-core-columns-is-layout-2 wp-block-columns-is-layout-flex\">\n    \n    <div class=\"wp-block-column is-layout-flow wp-block-column-is-layout-flow\" style=\"text-align: center;\">\n        \n        <figure class=\"wp-block-image size-full\" style=\"display: block; margin: 0 auto;\">\n            <img loading=\"lazy\" decoding=\"async\" width=\"102\" height=\"102\" src=\"https:\/\/tripixazores.com\/wp-content\/uploads\/2024\/09\/icones-valores_Prancheta-1.png\" alt=\"\" class=\"wp-image-1794\" style=\"display: block; margin: 0 auto;\"\/>\n        <\/figure>\n        \n\n        \n        <h5 class=\"wp-block-heading has-text-align-center\">SUSTENTABILIDADE AMBIENTAL<\/h5>\n        \n\n        \n        <p class=\"has-text-align-center\">Comprometidos com a preserva\u00e7\u00e3o respons\u00e1vel no desempenho da nossa atividade.<\/p>\n        \n    <\/div>\n    \n\n    \n    <div class=\"wp-block-column is-layout-flow wp-block-column-is-layout-flow\" style=\"text-align: center;\">\n        \n        <figure class=\"wp-block-image size-full\" style=\"display: block; margin: 0 auto;\">\n            <img loading=\"lazy\" decoding=\"async\" width=\"102\" height=\"102\" src=\"https:\/\/tripixazores.com\/wp-content\/uploads\/2024\/09\/icones-valores-02.png\" alt=\"\" class=\"wp-image-1798\" style=\"display: block; margin: 0 auto;\"\/>\n        <\/figure>\n        \n\n        \n        <h5 class=\"wp-block-heading has-text-align-center\">RESPEITO PELA CULTURA LOCAL<\/h5>\n        \n\n        \n        <p class=\"has-text-align-center\">Valorizamos e promovemos as tradi\u00e7\u00f5es locais no \u00e2mbito do desenvolvimento do turismo local.<\/p>\n        \n    <\/div>\n    \n\n    \n    <div class=\"wp-block-column is-layout-flow wp-block-column-is-layout-flow\" style=\"text-align: center;\">\n        \n        <figure class=\"wp-block-image size-full\" style=\"display: block; margin: 0 auto;\">\n            <img loading=\"lazy\" decoding=\"async\" width=\"102\" height=\"102\" src=\"https:\/\/tripixazores.com\/wp-content\/uploads\/2024\/09\/icones-valores-03.png\" alt=\"\" class=\"wp-image-1802\" style=\"display: block; margin: 0 auto;\"\/>\n        <\/figure>\n        \n\n        \n        <h5 class=\"wp-block-heading has-text-align-center\">COMPROMISSO COM A SEGURAN\u00c7A<\/h5>\n        \n\n        \n        <p class=\"has-text-align-center\">Cumprimos os mais altos padr\u00f5es de seguran\u00e7a, garantindo que todas as atividades s\u00e3o realizadas de forma segura e respons\u00e1vel.<\/p>\n        \n    <\/div>\n    \n<\/div>\n\n<div class=\"wp-block-columns our-values-wrapper is-layout-flex wp-container-core-columns-is-layout-3 wp-block-columns-is-layout-flex\">\n    \n    <div class=\"wp-block-column is-layout-flow wp-block-column-is-layout-flow\" style=\"text-align: center;\">\n        \n        <figure class=\"wp-block-image size-full\" style=\"display: block; margin: 0 auto;\">\n            <img loading=\"lazy\" decoding=\"async\" width=\"102\" height=\"102\" src=\"https:\/\/tripixazores.com\/wp-content\/uploads\/2024\/09\/icones-valores-04.png\" alt=\"\" class=\"wp-image-1806\" style=\"display: block; margin: 0 auto;\"\/>\n        <\/figure>\n        \n\n        \n        <h5 class=\"wp-block-heading has-text-align-center\">QUALIDADE E EXPERI\u00caNCIA<\/h5>\n        \n\n        \n        <p class=\"has-text-align-center\">Proporcionamos autenticidade e momentos memor\u00e1veis atrav\u00e9s da experi\u00eancia e dedica\u00e7\u00e3o dos nossos guias.<\/p>\n        \n    <\/div>\n    \n\n    \n    <div class=\"wp-block-column is-layout-flow wp-block-column-is-layout-flow\" style=\"text-align: center;\">\n        \n        <figure class=\"wp-block-image size-full\" style=\"display: block; margin: 0 auto;\">\n            <img loading=\"lazy\" decoding=\"async\" width=\"102\" height=\"102\" src=\"https:\/\/tripixazores.com\/wp-content\/uploads\/2024\/09\/icones-valores-05.png\" alt=\"\" class=\"wp-image-1810\" style=\"display: block; margin: 0 auto;\"\/>\n        <\/figure>\n        \n\n        \n        <h5 class=\"wp-block-heading has-text-align-center\">PERSONALIZA\u00c7\u00c3O<\/h5>\n        \n\n        \n        <p class=\"has-text-align-center\">Valorizamos e adaptamos as nossas atividades de acordo com a individualidade de cada cliente.<\/p>\n        \n    <\/div>\n    \n\n    \n    <div class=\"wp-block-column is-layout-flow wp-block-column-is-layout-flow\" style=\"text-align: center;\">\n        \n        <figure class=\"wp-block-image size-full\" style=\"display: block; margin: 0 auto;\">\n            <img loading=\"lazy\" decoding=\"async\" width=\"102\" height=\"102\" src=\"https:\/\/tripixazores.com\/wp-content\/uploads\/2024\/09\/icones-valores-06.png\" alt=\"\" class=\"wp-image-1814\" style=\"display: block; margin: 0 auto;\"\/>\n        <\/figure>\n        \n\n        \n        <h5 class=\"wp-block-heading has-text-align-center\">PAIX\u00c3O E ENTUSIASMO<\/h5>\n        \n\n        \n        <p class=\"has-text-align-center\">Movidos pela paix\u00e3o e entusiasmo, o nosso objetivo \u00e9 proporcionar experi\u00eancias inesquec\u00edveis.<\/p>\n        \n    <\/div>\n    \n<\/div>\n\n<h2 class=\"wp-block-heading has-text-align-center best-experience-signature\">We&#8217;ll guide you through the best experience!<\/h2>\n\n<h2 class=\"wp-block-heading has-text-align-center our-values-text-title\">TRIPIX TRIBE<\/h2>\n\n<p class=\"tripix-tribe-about-bottom\">Somos uma equipa de jovens guias locais experientes, dedicados a proporcionar a melhor experi\u00eancia no Tri\u00e2ngulo A\u00e7oriano. Entendemos que as f\u00e9rias s\u00e3o o momento mais importante do ano, por isso levamos as suas a s\u00e9rio \u2013 garantindo que sejam divertidos! As nossas experi\u00eancias s\u00e3o pensadas para pequenos grupos, para que possa sentir-se parte da Tripix Tribe. Desde subir montanhas a explorar grutas, passeios de bicicleta e saborear a cultura \u00fanica dos A\u00e7ores e os vinhos locais, garantimos que cada aventura ser\u00e1 inesquec\u00edvel.<\/p>\n\n\n<p><\/p>\n\n\n<p class=\"tripix-tribe-about-bottom\">Na Tripix, acreditamos que somos moldados pelas pessoas que conhecemos e pelos lugares que exploramos. Por este motivo, convidamo-lo a juntar-se \u00e0 Tribe e a viver a sua melhor experi\u00eancia, respeitando a natureza intocada e a sustentabilidade local dos A\u00e7ores.<\/p>\n<!-- \/wp:paragraph --><!-- wp:paragraph -->\n<p><\/p>\n<!-- \/wp:paragraph -->","protected":false},"excerpt":{"rendered":"<p>Com 10 anos de atividade, somos especialistas em oferecer as melhores experi\u00eancias no Tri\u00e2ngulo A\u00e7oriano. Acreditamos ser a escolha perfeita para o guiar pelas maravilhas naturais e culturais das ilhas do Pico, Faial e S\u00e3o Jorge. Os nossos guias locais, experientes, dedicados e apaixonados pelo que fazem, s\u00e3o a chave para descobrir o melhor que [&hellip;]<\/p>\n","protected":false},"author":3,"featured_media":1608,"parent":0,"menu_order":0,"comment_status":"closed","ping_status":"closed","template":"","meta":{"_acf_changed":false,"_monsterinsights_skip_tracking":false,"_monsterinsights_sitenote_active":false,"_monsterinsights_sitenote_note":"","_monsterinsights_sitenote_category":0,"footnotes":""},"class_list":["post-241","page","type-page","status-publish","has-post-thumbnail","hentry"],"acf":[],"aioseo_notices":[],"_links":{"self":[{"href":"https:\/\/tripixazores.com\/pt-pt\/wp-json\/wp\/v2\/pages\/241","targetHints":{"allow":["GET"]}}],"collection":[{"href":"https:\/\/tripixazores.com\/pt-pt\/wp-json\/wp\/v2\/pages"}],"about":[{"href":"https:\/\/tripixazores.com\/pt-pt\/wp-json\/wp\/v2\/types\/page"}],"author":[{"embeddable":true,"href":"https:\/\/tripixazores.com\/pt-pt\/wp-json\/wp\/v2\/users\/3"}],"replies":[{"embeddable":true,"href":"https:\/\/tripixazores.com\/pt-pt\/wp-json\/wp\/v2\/comments?post=241"}],"version-history":[{"count":9,"href":"https:\/\/tripixazores.com\/pt-pt\/wp-json\/wp\/v2\/pages\/241\/revisions"}],"predecessor-version":[{"id":3097,"href":"https:\/\/tripixazores.com\/pt-pt\/wp-json\/wp\/v2\/pages\/241\/revisions\/3097"}],"wp:featuredmedia":[{"embeddable":true,"href":"https:\/\/tripixazores.com\/pt-pt\/wp-json\/wp\/v2\/media\/1608"}],"wp:attachment":[{"href":"https:\/\/tripixazores.com\/pt-pt\/wp-json\/wp\/v2\/media?parent=241"}],"curies":[{"name":"wp","href":"https:\/\/api.w.org\/{rel}","templated":true}]}}