{"id":225,"date":"2017-02-25T11:43:52","date_gmt":"2017-02-25T11:43:52","guid":{"rendered":"https:\/\/tripixazores.com\/contact\/"},"modified":"2025-02-17T11:21:45","modified_gmt":"2025-02-17T12:21:45","slug":"contactos","status":"publish","type":"page","link":"https:\/\/tripixazores.com\/pt-pt\/contactos\/","title":{"rendered":"Contactos"},"content":{"rendered":"\n<div class=\"wp-block-columns is-layout-flex wp-container-core-columns-is-layout-1 wp-block-columns-is-layout-flex\">\n<div class=\"wp-block-column contact-page-list-wrapper is-layout-flow wp-block-column-is-layout-flow\">\n<h4 class=\"wp-block-heading\"><strong>CONTACTE-NOS<\/strong><\/h4>\n\n\n<p style=\"font-size: 16px; line-height: 26px; text-align: justify; text-align: left;\">\n  Queremos tornar a sua experi\u00eancia no Tri\u00e2ngulo A\u00e7oriano inesquec\u00edvel. Se tiver alguma d\u00favida, precisar de mais informa\u00e7\u00f5es ou quiser saber mais sobre as nossas atividades, estamos aqui para o ajudar.\nPreencha o formul\u00e1rio de contacto e responderemos assim que poss\u00edvel. Caso prefira, pode contactar-nos por email ou telefone.\n<\/p>\n\n<p style=\"margin-bottom: 40px;\"><\/p> \n\n\n<ul class=\"list-unstyled contact-page-list-items\">\n  <li class=\"d-flex align-items-center mb-2\">\n    <i class=\"fas fa-map-marker-alt me-2\"><\/i>\n    <span>Tripix Azores, Cais da Madalena S\/N 9950-305<\/span>\n  <\/li>\n  <li class=\"d-flex align-items-center mb-2\">\n    <i class=\"far fa-clock me-2\"><\/i>\n    <span>Seg &#8211; Sex | 9.00 &#8211; 18.00<\/span>\n  <\/li>\n  <li class=\"d-flex align-items-center mb-2\">\n    <a href=\"mailto:info@tripixazores.com\"><i class=\"fas fa-envelope me-2\"><\/i>\n    <span>info@tripixazores.com<\/span>\n<\/a>\n  <\/li>\n  <li class=\"d-flex align-items-center mb-2\">\n<a href=\"tel:+351963778109\">\n    <i class=\"fas fa-mobile-alt me-2\"><\/i>\n    <span>+351 963 778 109<\/span>\n<\/a>\n  <\/li>\n  <li class=\"d-flex align-items-center\">\n   <a href=\"tel:+351292623616\"> <i class=\"fas fa-phone me-2\"><\/i>\n    <span>+351 292 623 616<\/span>\n<\/a>\n  <\/li>\n<\/ul>\n \n<section class=\"d-flex justify-content-between align-items-center p-3 bg-light contact-follow-us\">\n    <div class=\"col-4\">\n        <h2 class=\"m-0\">SIGA-NOS\n<\/h2>\n    <\/div>\n    <div class=\"col-4 d-flex justify-content-center\">\n        <div class=\"d-flex gap-2 contact-social-icons\">\n            <a class=\"text-dark\" href=\"https:\/\/www.tripadvisor.pt\/Attraction_Review-g189129-d7897607-Reviews-Tripix_Azores-Pico_Azores.html\" target=\"_blank\" aria-label=\"Twitter\" rel=\"noopener\">\n                <i class=\"fab fa-tripadvisor\"><\/i>\n            <\/a>\n            <a class=\"text-dark\" href=\"https:\/\/twitter.com\/tripixazores\" target=\"_blank\" aria-label=\"Twitter\" rel=\"noopener\">\n               <svg xmlns=\"http:\/\/www.w3.org\/2000\/svg\" viewBox=\"0 0 512 512\" style=\"height: 15px;fill: #fff;margin-top: 2px;\"><path d=\"M389.2 48h70.6L305.6 224.2 487 464H345L233.7 318.6 106.5 464H35.8L200.7 275.5 26.8 48H172.4L272.9 180.9 389.2 48zM364.4 421.8h39.1L151.1 88h-42L364.4 421.8z\"><\/path><\/svg>\n            <\/a>\n            <a class=\"text-dark\" href=\"https:\/\/www.facebook.com\/tripixazores\/\" target=\"_blank\" aria-label=\"Facebook\" rel=\"noopener\">\n                <i class=\"fab fa-facebook\"><\/i>\n            <\/a>\n            <a class=\"text-dark\" href=\"https:\/\/www.instagram.com\/tripixazores\/\" target=\"_blank\" aria-label=\"Instagram\" rel=\"noopener\">\n                <i class=\"fab fa-instagram\"><\/i>\n            <\/a>\n            <a class=\"text-dark\" href=\"https:\/\/www.youtube.com\/channel\/UCIki3BBFWppKX1IWvNKgi0Q\" target=\"_blank\" aria-label=\"LinkedIn\" rel=\"noopener\">\n                <i class=\"fab fa-brands fa-youtube\"><\/i>\n            <\/a>\n            <a class=\"text-dark\" href=\"https:\/\/www.tiktok.com\/@tripixazores\" target=\"_blank\" aria-label=\"LinkedIn\" rel=\"noopener\">\n                <svg fill=\"#fff\" style=\"margin-bottom: -2px;\" width=\"16px\" viewBox=\"0 0 512 512\" id=\"icons\" xmlns=\"http:\/\/www.w3.org\/2000\/svg\"><path d=\"M412.19,118.66a109.27,109.27,0,0,1-9.45-5.5,132.87,132.87,0,0,1-24.27-20.62c-18.1-20.71-24.86-41.72-27.35-56.43h.1C349.14,23.9,350,16,350.13,16H267.69V334.78c0,4.28,0,8.51-.18,12.69,0,.52-.05,1-.08,1.56,0,.23,0,.47-.05.71,0,.06,0,.12,0,.18a70,70,0,0,1-35.22,55.56,68.8,68.8,0,0,1-34.11,9c-38.41,0-69.54-31.32-69.54-70s31.13-70,69.54-70a68.9,68.9,0,0,1,21.41,3.39l.1-83.94a153.14,153.14,0,0,0-118,34.52,161.79,161.79,0,0,0-35.3,43.53c-3.48,6-16.61,30.11-18.2,69.24-1,22.21,5.67,45.22,8.85,54.73v.2c2,5.6,9.75,24.71,22.38,40.82A167.53,167.53,0,0,0,115,470.66v-.2l.2.2C155.11,497.78,199.36,496,199.36,496c7.66-.31,33.32,0,62.46-13.81,32.32-15.31,50.72-38.12,50.72-38.12a158.46,158.46,0,0,0,27.64-45.93c7.46-19.61,9.95-43.13,9.95-52.53V176.49c1,.6,14.32,9.41,14.32,9.41s19.19,12.3,49.13,20.31c21.48,5.7,50.42,6.9,50.42,6.9V131.27C453.86,132.37,433.27,129.17,412.19,118.66Z\"><\/path><\/svg>\n            <\/a>\n        <\/div>\n    <\/div>\n<\/section>\n<\/div>\n\n\n\n<div class=\"wp-block-column is-layout-flow wp-block-column-is-layout-flow\">\n<div class=\"wpcf7 no-js\" id=\"wpcf7-f54-o1\" lang=\"en-US\" dir=\"ltr\" data-wpcf7-id=\"54\">\n<div class=\"screen-reader-response\"><p role=\"status\" aria-live=\"polite\" aria-atomic=\"true\"><\/p> <ul><\/ul><\/div>\n<form action=\"\/pt-pt\/wp-json\/wp\/v2\/pages\/225#wpcf7-f54-o1\" method=\"post\" class=\"wpcf7-form init\" aria-label=\"Contact form\" novalidate=\"novalidate\" data-status=\"init\">\n<fieldset class=\"hidden-fields-container\"><input type=\"hidden\" name=\"_wpcf7\" value=\"54\" \/><input type=\"hidden\" name=\"_wpcf7_version\" value=\"6.1.2\" \/><input type=\"hidden\" name=\"_wpcf7_locale\" value=\"en_US\" \/><input type=\"hidden\" name=\"_wpcf7_unit_tag\" value=\"wpcf7-f54-o1\" \/><input type=\"hidden\" name=\"_wpcf7_container_post\" value=\"0\" \/><input type=\"hidden\" name=\"_wpcf7_posted_data_hash\" value=\"\" \/><input type=\"hidden\" name=\"_wpcf7_recaptcha_response\" value=\"\" \/>\n<\/fieldset>\n<div class=\"row forms\">\n\t<div class=\"col-xs-12\">\n\t\t<p><span class=\"wpcf7-form-control-wrap\" data-name=\"fullname\"><input size=\"40\" maxlength=\"400\" class=\"wpcf7-form-control wpcf7-text wpcf7-validates-as-required cName\" aria-required=\"true\" aria-invalid=\"false\" placeholder=\"Name\" value=\"\" type=\"text\" name=\"fullname\" \/><\/span>\n\t\t<\/p>\n\t<\/div>\n\t<div class=\"col-xs-12\">\n\t\t<p><span class=\"wpcf7-form-control-wrap\" data-name=\"email\"><input size=\"40\" maxlength=\"400\" class=\"wpcf7-form-control wpcf7-email wpcf7-validates-as-required wpcf7-text wpcf7-validates-as-email cEmail\" aria-required=\"true\" aria-invalid=\"false\" placeholder=\"Email\" value=\"\" type=\"email\" name=\"email\" \/><\/span>\n\t\t<\/p>\n\t<\/div>\n\t<div class=\"col-xs-12 col-sm-12\">\n\t\t<p><span class=\"wpcf7-form-control-wrap\" data-name=\"comment\"><textarea cols=\"40\" rows=\"10\" maxlength=\"2000\" class=\"wpcf7-form-control wpcf7-textarea wpcf7-validates-as-required cComment\" aria-required=\"true\" aria-invalid=\"false\" placeholder=\"Comment\" name=\"comment\"><\/textarea><\/span>\n\t\t<\/p>\n\t<\/div>\n\t<div class=\"col-xs-12 col-sm-12\">\n\t\n\t<\/div>\n\t<div class=\"col-xs-12 col-sm-4 send-it-btn\">\n\t\t<p><input class=\"wpcf7-form-control wpcf7-submit has-spinner cSubmit\" type=\"submit\" value=\"Send\" \/>\n\t\t<\/p>\n\t<\/div>\n\t<div class=\"col-xs-12 col-sm-8\">\n\t\t<p><small>This site is protected by reCAPTCHA and the Google.<br \/>\n<a href=\"https:\/\/policies.google.com\/privacy\">Privacy Policy<\/a> and<br \/>\n<a href=\"https:\/\/policies.google.com\/terms\">Terms of Service<\/a> apply.<br \/>\n<\/small>\n\t\t<\/p>\n\t<\/div>\n<\/div><div class=\"wpcf7-response-output\" aria-hidden=\"true\"><\/div>\n<\/form>\n<\/div>\n\n<\/div>\n<\/div>\n\n\n\n<p><\/p>\n","protected":false},"excerpt":{"rendered":"<p>CONTACTE-NOS Tripix Azores, Cais da Madalena S\/N 9950-305 Seg &#8211; Sex | 9.00 &#8211; 18.00 info@tripixazores.com +351 963 778 109 +351 292 623 616 SIGA-NOS<\/p>\n","protected":false},"author":3,"featured_media":644,"parent":0,"menu_order":0,"comment_status":"closed","ping_status":"open","template":"","meta":{"_acf_changed":false,"_monsterinsights_skip_tracking":false,"_monsterinsights_sitenote_active":false,"_monsterinsights_sitenote_note":"","_monsterinsights_sitenote_category":0,"footnotes":""},"class_list":["post-225","page","type-page","status-publish","has-post-thumbnail","hentry"],"acf":[],"aioseo_notices":[],"_links":{"self":[{"href":"https:\/\/tripixazores.com\/pt-pt\/wp-json\/wp\/v2\/pages\/225","targetHints":{"allow":["GET"]}}],"collection":[{"href":"https:\/\/tripixazores.com\/pt-pt\/wp-json\/wp\/v2\/pages"}],"about":[{"href":"https:\/\/tripixazores.com\/pt-pt\/wp-json\/wp\/v2\/types\/page"}],"author":[{"embeddable":true,"href":"https:\/\/tripixazores.com\/pt-pt\/wp-json\/wp\/v2\/users\/3"}],"replies":[{"embeddable":true,"href":"https:\/\/tripixazores.com\/pt-pt\/wp-json\/wp\/v2\/comments?post=225"}],"version-history":[{"count":4,"href":"https:\/\/tripixazores.com\/pt-pt\/wp-json\/wp\/v2\/pages\/225\/revisions"}],"predecessor-version":[{"id":3130,"href":"https:\/\/tripixazores.com\/pt-pt\/wp-json\/wp\/v2\/pages\/225\/revisions\/3130"}],"wp:featuredmedia":[{"embeddable":true,"href":"https:\/\/tripixazores.com\/pt-pt\/wp-json\/wp\/v2\/media\/644"}],"wp:attachment":[{"href":"https:\/\/tripixazores.com\/pt-pt\/wp-json\/wp\/v2\/media?parent=225"}],"curies":[{"name":"wp","href":"https:\/\/api.w.org\/{rel}","templated":true}]}}