{"id":1347,"date":"2022-05-17T22:57:29","date_gmt":"2022-05-17T22:57:29","guid":{"rendered":"https:\/\/tripixazores.com\/?page_id=1347"},"modified":"2025-03-12T02:18:43","modified_gmt":"2025-03-12T03:18:43","slug":"politica-de-protecao-de-dados-e-privacidade","status":"publish","type":"page","link":"https:\/\/tripixazores.com\/pt-pt\/politica-de-protecao-de-dados-e-privacidade\/","title":{"rendered":"Pol\u00edtica de Prote\u00e7\u00e3o de Dados e Privacidade"},"content":{"rendered":"\n<h2 class=\"design-heading-title\">Pol\u00edtica de Prote\u00e7\u00e3o de Dados e <\/br> Pol\u00edtica de Privacidade<\/h2>\n   <div class=\"design-divider\">\n      <span class=\"design-divider-separator\"><\/span>\n    <\/div>\n\n\n\n<p><b>Tripix Azores by MMCC \u2013 Matteo Miguel Carosi Cordeiro, Turismo &amp; Servi\u00e7os, Unip., Lda.<\/b>, doravante referido como Tripix Azores \/ MMCC, \u00e9 uma empresa licenciada de Anima\u00e7\u00e3o Tur\u00edstica com RNAAT 4\/2017\/RAA e licen\u00e7a de Operador de Turismo Mar\u00edtimo 09\/2022. A empresa presta servi\u00e7os tur\u00edsticos nos A\u00e7ores, particularmente nas ilhas do Pico, Faial e S\u00e3o Jorge.<\/p>\n\n\n\n<p>O espa\u00e7o comercial e a sede da Tripix Azores \/ MMCC est\u00e3o localizados em <b>Cais da Madalena, S\/N, 9950-305 Madalena<\/b> e <b>Rua da Igreja, 23, 9950-026 Bandeiras<\/b>, ambos na Ilha do Pico, A\u00e7ores. O nosso endere\u00e7o de website \u00e9 <a href=\"https:\/\/tripixazores.com\/\">tripixazores.com<\/a>.<\/p>\n\n\n<br>\n\n\n<p><strong>1. OBJECTIVOS<\/strong><\/p>\n\n\n\n<p>A <b>Pol\u00edtica de Prote\u00e7\u00e3o de Dados e Privacidade<\/b> da Tripix Azores \/ MMCC tem como objetivo informar os visitantes do nosso website, potenciais clientes e clientes sobre como os seus dados pessoais s\u00e3o recolhidos, protegidos e utilizados, em conformidade com o <b>Regulamento Geral de Prote\u00e7\u00e3o de Dados da UE (GDPR) 2016\/679.<\/b>\nAl\u00e9m de cumprir este direito \u00e0 informa\u00e7\u00e3o, a pol\u00edtica tamb\u00e9m assegura os seguintes direitos dos titulares dos dados:\n<p>\u2022\t<b>Direito de ser notificado<\/b> se ocorrer uma viola\u00e7\u00e3o de dados com risco para o titular<\/p>\n<p>\u2022\t<b>Direito de acesso<\/b> aos seus pr\u00f3prios dados<\/p>\n<p>\u2022\t<b>Direito \u00e0 portabilidade<\/b>, quando aplic\u00e1vel<\/p>\n<p>\u2022\t<b>Direito ao apagamento (direito ao esquecimento)<\/b> quando o consentimento for retirado ou n\u00e3o houver base legal para a reten\u00e7\u00e3o dos dados<\/p>\n<p>\u2022\t<b>Direito \u00e0 retifica\u00e7\u00e3o<\/b> caso deseje atualizar as suas informa\u00e7\u00f5es<\/p>\n<p>\u2022\t<b>Direito de obje\u00e7\u00e3o<\/b> ao processamento dos seus dados.<\/p>\n<\/p>\n\n\n<br>\n\n\n<p><strong>2. SEGURAN\u00c7A NA NAVEGA\u00c7\u00c3O DO WEBSITE<\/strong><\/p>\n\n\n\n<p>A Tripix Azores \/ MMCC garante que o seu website est\u00e1 alojado em servidores seguros. Links para websites de terceiros (por exemplo, parceiros ou outras entidades) podem ser encontrados no nosso website. No entanto, a Tripix Azores \/ MMCC n\u00e3o \u00e9 respons\u00e1vel pela seguran\u00e7a ou pelas pol\u00edticas de privacidade de websites de terceiros, e os visitantes devem revisar estas pol\u00edticas antes de aceder a tais sites.<\/p>\n\n\n<br>\n\n\n<p><strong>3. POL\u00cdTICA DE COOKIES<\/strong><\/p>\n\n\n\n<p>O website da Tripix Azores \/ MMCC utiliza v\u00e1rios tipos de cookies. Para saber mais sobre os cookies, como funcionam e como aceitar ou rejeitar o seu uso, consulte a notifica\u00e7\u00e3o de cookies no rodap\u00e9 do nosso website.<\/p>\n\n\n<br>\n\n\n<p><strong>4. RECOLHA DE DADOS PESSOAIS<\/strong><\/p>\n\n\n\n<p>Os dados pessoais mencionados nesta <b>Pol\u00edtica de Prote\u00e7\u00e3o de Dados e Privacidade<\/b> s\u00e3o fornecidos voluntariamente pelo titular dos dados atrav\u00e9s dos formul\u00e1rios de reserva do nosso website, inscri\u00e7\u00f5es na newsletter, ou diretamente por email ou outros m\u00e9todos. A recolha desses dados \u00e9 da exclusiva responsabilidade da Tripix Azores \/ MMCC e \u00e9 realizada dentro do \u00e2mbito normal de opera\u00e7\u00f5es de uma empresa de servi\u00e7os tur\u00edsticos registada. Os formul\u00e1rios utilizados incluem uma <b>Declara\u00e7\u00e3o de Consentimento<\/b>, quando aplic\u00e1vel, especificando como os dados fornecidos ser\u00e3o utilizados.<\/p>\n\n\n<br>\n\n\n<p><strong>5. FINALIDADE DA RECOLHA DE DADOS PESSOAIS<\/strong><\/p>\n\n\n\n<p>Os dados pessoais submetidos atrav\u00e9s dos nossos formul\u00e1rios de reserva de servi\u00e7os, newsletter, email ou outros meios s\u00e3o utilizados exclusivamente para as seguintes finalidades:<\/p>\n<p>\u2022\tFavorecer a comunica\u00e7\u00e3o com clientes e potenciais clientes<\/p>\n<p>\u2022\tPromover os produtos e servi\u00e7os da empresa<\/p>\n<p>\u2022\tGarantir a entrega segura dos servi\u00e7os<\/p>\n<p>\u2022\tCumprir obriga\u00e7\u00f5es legais relacionadas com seguros e fatura\u00e7\u00e3o<\/p>\n<p>\u2022\tAtender aos requisitos das listas de quartos de hotel<\/p>\n<p>\u2022\tPara clientes estrangeiros, cumprir com as regulamenta\u00e7\u00f5es da <b>AIMA (Ag\u00eancia para a Integra\u00e7\u00e3o, Migra\u00e7\u00e3o e Asilo)<\/b> para identifica\u00e7\u00e3o de clientes.<\/p>\n<\/p>\n\n\n<br>\n\n\n<p><strong>6. TIPOS DE DADOS PESSOAIS REQUERIDOS<\/strong><\/p>\n\n\n\n<p>Os tipos de dados solicitados pela Tripix Azores \/ MMCC est\u00e3o limitados ao que \u00e9 estritamente necess\u00e1rio para as finalidades mencionadas. Estes podem incluir:<\/p>\n<p>\u2022\tNome<\/p>\n<p>\u2022\tEmail e\/ou endere\u00e7o f\u00edsico<\/p>\n<p>\u2022\tContato telef\u00f3nico, quando aplic\u00e1vel<\/p>\n<p>\u2022\tData de nascimento para fins de seguro<\/p>\n<p>\u2022\tN\u00famero de identifica\u00e7\u00e3o fiscal para fatura\u00e7\u00e3o<\/p>\n<p>\u2022\tN\u00famero de passaporte para relat\u00f3rios \u00e0 <b>AIMA<\/b><\/p>\n<p>\u2022\tPeso e altura para distribui\u00e7\u00e3o de equipamentos (por exemplo, para atividades como ciclismo) e para seguros e servi\u00e7os de emerg\u00eancia em caso de acidentes.<\/p>\n<\/p>\n\n\n<br>\n\n\n<p><strong>7. PROTE\u00c7\u00c3O DOS DADOS PESSOAIS<\/strong><\/p>\n\n\n\n<p>Os dados pessoais fornecidos atrav\u00e9s dos formul\u00e1rios de reserva n\u00e3o ser\u00e3o armazenados nas bases de dados do website nem ser\u00e3o partilhados com terceiros, salvo especificado na se\u00e7\u00e3o seguinte. O armazenamento e processamento dos dados dos clientes s\u00e3o da exclusiva responsabilidade da Tripix Azores \/ MMCC e est\u00e3o sujeitos a regras de confidencialidade e prote\u00e7\u00e3o em conformidade com a legisla\u00e7\u00e3o vigente. O acesso \u00e9 restrito ao pessoal autorizado, conforme as nossas pol\u00edticas internas de seguran\u00e7a. A Tripix Azores \/ MMCC n\u00e3o se responsabiliza pela prote\u00e7\u00e3o e processamento de dados pessoais quando obrigada por lei a partilh\u00e1-los. Para entidades subcontratadas, acordos contratuais garantem que estas entidades s\u00e3o respons\u00e1veis pela prote\u00e7\u00e3o e processamento dos dados recebidos em conformidade com o <b>Regulamento Geral de Prote\u00e7\u00e3o de Dados (GDPR).<\/b> Excepto conforme mencionado nesta Pol\u00edtica, a Tripix Azores \/ MMCC n\u00e3o vende nem aluga dados pessoais a terceiros, salvo exig\u00eancia legal. No entanto, podemos usar imagens ou v\u00eddeos dos clientes captados durante as nossas atividades para promo\u00e7\u00e3o nas redes sociais ou no nosso website, salvo se o cliente solicitar o contr\u00e1rio durante a reserva ou via email para <a href=\"mailto:info@tripixazores.com\">info@tripixazores.com<\/a>. Adicionalmente, pedimos aos clientes que, quando partilham posts nas redes sociais sobre a sua experi\u00eancia, marquem a <b>Tripix Azores \/ MMCC<\/b> como forma de promover o nosso trabalho.<\/p>\n\n\n<br>\n\n\n<p><strong>8. DIREITO \u00c0 RETIFICA\u00c7\u00c3O E ELIMINA\u00c7\u00c3O DE DADOS PESSOAIS<\/strong><\/p>\n\n\n\n<p>Qualquer solicita\u00e7\u00e3o para atualizar ou eliminar informa\u00e7\u00f5es pessoais submetidas atrav\u00e9s de formul\u00e1rios ou outros meios pode ser feita diretamente por email para <a href=\"mailto:info@tripixazores.com\">info@tripixazores.com<\/a>, com o assunto \u201cAtualizar ou Eliminar Dados Pessoais\u201d. A Tripix Azores \/ MMCC compromete-se a processar estas solicita\u00e7\u00f5es e completar a atualiza\u00e7\u00e3o ou elimina\u00e7\u00e3o dentro de 30 dias ap\u00f3s a solicita\u00e7\u00e3o. Exce\u00e7\u00f5es a esta regra incluem requisitos legais para reten\u00e7\u00e3o de dados (por exemplo, registos contabil\u00edsticos, tratamento de reclama\u00e7\u00f5es ou processos legais), sujeitos aos prazos espec\u00edficos exigidos.<\/p>\n\n\n<br>\n\n\n<p><strong>9. RETEN\u00c7\u00c3O DE DADOS PESSOAIS<\/strong><\/p>\n\n\n\n<p>Os dados dos clientes ser\u00e3o retidos enquanto houver um interesse leg\u00edtimo em faz\u00ea-lo, ou enquanto o consentimento for concedido. A Tripix Azores \/ MMCC manter\u00e1 a sua base de dados para as finalidades descritas na Se\u00e7\u00e3o 5, salvo se o titular dos dados exercer o seu direito ao esquecimento.<\/p>\n\n\n<br>\n\n\n<p><strong>10. VALIDADE DESTA POL\u00cdTICA DE PRIVACIDADE<\/strong><\/p>\n\n\n\n<p>Para garantir melhorias cont\u00ednuas e atualiza\u00e7\u00f5es, a Tripix Azores \/ MMCC reserva-se o direito de alterar esta <b>Pol\u00edtica de Prote\u00e7\u00e3o de Dados e Privacidade<\/b> a qualquer momento. Estas altera\u00e7\u00f5es ser\u00e3o publicadas online para manter a transpar\u00eancia e informar os utilizadores, destinat\u00e1rios de servi\u00e7os e clientes. A utiliza\u00e7\u00e3o cont\u00ednua dos servi\u00e7os da empresa ap\u00f3s tais altera\u00e7\u00f5es ser\u00e1 considerada como aceita\u00e7\u00e3o dos novos termos.<\/p>\n\n","protected":false},"excerpt":{"rendered":"<p>Pol\u00edtica de Prote\u00e7\u00e3o de Dados e Pol\u00edtica de Privacidade Tripix Azores by MMCC \u2013 Matteo Miguel Carosi Cordeiro, Turismo &amp; Servi\u00e7os, Unip., Lda., doravante referido como Tripix Azores \/ MMCC, \u00e9 uma empresa licenciada de Anima\u00e7\u00e3o Tur\u00edstica com RNAAT 4\/2017\/RAA e licen\u00e7a de Operador de Turismo Mar\u00edtimo 09\/2022. A empresa presta servi\u00e7os tur\u00edsticos nos A\u00e7ores, [&hellip;]<\/p>\n","protected":false},"author":3,"featured_media":0,"parent":0,"menu_order":0,"comment_status":"closed","ping_status":"closed","template":"","meta":{"_acf_changed":false,"_monsterinsights_skip_tracking":false,"_monsterinsights_sitenote_active":false,"_monsterinsights_sitenote_note":"","_monsterinsights_sitenote_category":0,"footnotes":""},"class_list":["post-1347","page","type-page","status-publish","hentry"],"acf":[],"aioseo_notices":[],"_links":{"self":[{"href":"https:\/\/tripixazores.com\/pt-pt\/wp-json\/wp\/v2\/pages\/1347","targetHints":{"allow":["GET"]}}],"collection":[{"href":"https:\/\/tripixazores.com\/pt-pt\/wp-json\/wp\/v2\/pages"}],"about":[{"href":"https:\/\/tripixazores.com\/pt-pt\/wp-json\/wp\/v2\/types\/page"}],"author":[{"embeddable":true,"href":"https:\/\/tripixazores.com\/pt-pt\/wp-json\/wp\/v2\/users\/3"}],"replies":[{"embeddable":true,"href":"https:\/\/tripixazores.com\/pt-pt\/wp-json\/wp\/v2\/comments?post=1347"}],"version-history":[{"count":9,"href":"https:\/\/tripixazores.com\/pt-pt\/wp-json\/wp\/v2\/pages\/1347\/revisions"}],"predecessor-version":[{"id":3235,"href":"https:\/\/tripixazores.com\/pt-pt\/wp-json\/wp\/v2\/pages\/1347\/revisions\/3235"}],"wp:attachment":[{"href":"https:\/\/tripixazores.com\/pt-pt\/wp-json\/wp\/v2\/media?parent=1347"}],"curies":[{"name":"wp","href":"https:\/\/api.w.org\/{rel}","templated":true}]}}